{"id":36,"date":"2015-02-04T01:36:07","date_gmt":"2015-02-04T01:36:07","guid":{"rendered":"http:\/\/www.artlevine.com\/?page_id=36"},"modified":"2025-03-28T20:06:08","modified_gmt":"2025-03-28T20:06:08","slug":"j-s-bach","status":"publish","type":"page","link":"https:\/\/www.artlevine.com\/?page_id=36","title":{"rendered":"J.S. Bach"},"content":{"rendered":"<p><img loading=\"lazy\" decoding=\"async\" class=\" size-medium wp-image-37 alignright\" src=\"http:\/\/www.artlevine.com\/wp-content\/uploads\/2015\/02\/bach_shades-225x300.jpg\" alt=\"bach_shades\" width=\"225\" height=\"300\" srcset=\"https:\/\/www.artlevine.com\/wp-content\/uploads\/2015\/02\/bach_shades-225x300.jpg 225w, https:\/\/www.artlevine.com\/wp-content\/uploads\/2015\/02\/bach_shades.jpg 300w\" sizes=\"auto, (max-width: 225px) 100vw, 225px\" \/>Hats off to Elvis and all, but Bach really IS the king! In my opinion (never wrong yet) and that of lots of folks, past and present and future, JSB sits at the very top of the totem pole. Historical considerations aside, the real reason is that his music is, for many, far and away the greatest achievement of anyone working in the Euro tradition.<\/p>\n<p>Within the huge body of music JSB left, the very centre is, arguably, the two hundred or so surviving cantatas. As usual, my own interest, particularly in the arias, came from the study of musicianship. I just wanted to know what it was like to experience this music from the inside. Initially, what attracted me to the arias was the Bach P\u00e9ldat\u00e1r, a great collection of excerpts edited by the Hungarian scholar Leg\u00e1nyn\u00e9 Hegyi Erzs\u00e9bet. Things rapidly escalated from there. To the single-line examples in the Bach P\u00e9ldat\u00e1r, I added the bass lines (available here as \u201cAria excerpts,\u201d so you no longer have to seek out the Bach P\u00e9ldat\u00e1r). From there, I thought it would be fun to edit those arias which use continuo only, since I figured the rewards would be amazing. They were, even with bass realized by a stiff computer, but soon I craved more, so I started in on the arias with a single obbligato part, hopefully of the more singable variety (read \u201coboe\u201d here). Next was a series of excerpts consisting of the more singable instrumental ritornelli (available here). Currently, I\u2019m looking at the arias with string accompaniments, sometimes with an added obbligato part, and also the recits which, from an ear-training point of view, offer, bar for bar, arguably the most daunting challenges of all. Who knows, if I live another hundred years, I may actually get this project finished. Then I have to memorize it!<\/p>\n<p>One of the reasons Bach\u2019s vocal music can be so hard to learn is that, since he was setting words, his dramatic sense often led him to harmonic resources that would never come up in a piece of abstract instrumental music. Technically, this has mainly to do with his use of modulation, but it also reflects the complexity of the vocal line itself. When Bach is imagining the last judgment or the fear of God or death and grieving, the music underscores the text, often in astonishing ways. No surprise then, that the arias can be so taxing for the singer.<\/p>\n<p>You\u2019ll notice that, after all of that, I haven\u2019t actually included any complete arias on this site, although I may be tempted to at some point. It\u2019s too much. If you are interested in anything in particular though, or a certain canata, please get in touch. If I have what you\u2019re after, I\u2019d be glad to send the pdf \/ midi \/ finale file as needed.<\/p>\n<p>To keep things in perspective, I do realize that Bach was up to more than writing the world\u2019s greatest vocal music. Because my interest is mainly on the analytical and theoretical side of things, I\u2019ve edited a bunch of his most famous keyboard works in open score. And on and on. Take a look around, there are many treasures here, either for free or for cheap.<\/p>\n<table>\n<tbody>\n<tr>\n<th colspan=\"2\">Downloads<\/th>\n<\/tr>\n<tr>\n<td width=\"75%\">Keyboard fugue in D minor, BWV 903<\/td>\n<td style=\"padding-left: 10px;\"><a href=\"\/wp-content\/uploads\/JS Bach\/3 more keyboard fugues\/903 - D minor.pdf\" target=\"_blank\">click here<\/a><\/td>\n<\/tr>\n<tr>\n<td width=\"75%\">Keyboard fugue in A minor, BWV 904<\/td>\n<td style=\"padding-left: 10px;\"><a href=\"\/wp-content\/uploads\/JS Bach\/3 more keyboard fugues\/904 - A minor.pdf\" target=\"_blank\">click here<\/a><\/td>\n<\/tr>\n<tr>\n<td width=\"75%\">Keyboard fugue in E minor, BWV 914<\/td>\n<td style=\"padding-left: 10px;\"><a href=\"\/wp-content\/uploads\/JS Bach\/3 more keyboard fugues\/914 - E minor.pdf\" target=\"_blank\">click here<\/a><\/td>\n<\/tr>\n<tr>\n<td width=\"75%\">3-pt Sinfonias in open score 15 Sinfonias<\/td>\n<td style=\"padding-left: 10px;\"><a href=\"\/wp-content\/uploads\/JS Bach\/3-pt Sinfonias in open score\/15 Sinfonias.pdf\" target=\"_blank\">click here<\/a><\/td>\n<\/tr>\n<tr>\n<td width=\"75%\">Aria excerpts based on Bach Peldatar. 274 aria excerpts<br \/>\nCDN <strong>$10.00<\/strong><\/td>\n<td style=\"padding-left: 10px;\"><a href=\"\/?page_id=290\" target=\"_top\">click here<\/a><\/td>\n<\/tr>\n<tr>\n<td width=\"75%\">Art of Fugue in open score<br \/>\nCDN <strong>$10.00<\/strong><\/td>\n<td style=\"padding-left: 10px;\"><a href=\"\/?page_id=290\" target=\"_top\">click here<\/a><\/td>\n<\/tr>\n<tr>\n<td width=\"75%\">Musical offering &#8211; 2 ricercars in open score Ricercar 1<\/td>\n<td style=\"padding-left: 10px;\"><a href=\"\/wp-content\/uploads\/JS Bach\/Musical offering - 2 ricercars in open score\/Ricercare a 3.pdf\" target=\"_blank\">click here<\/a><\/td>\n<\/tr>\n<tr>\n<td width=\"75%\">Musical offering &#8211; 2 ricercars in open score Ricercar 2<\/td>\n<td style=\"padding-left: 10px;\"><a href=\"\/wp-content\/uploads\/JS Bach\/Musical offering - 2 ricercars in open score\/Ricercar a 6.pdf\" target=\"_blank\">click here<\/a><\/td>\n<\/tr>\n<tr>\n<td width=\"75%\">Organ fugue in open score BWV 538 &#8211; D Dorian<\/td>\n<td style=\"padding-left: 10px;\"><a href=\"\/wp-content\/uploads\/JS Bach\/Organ fugues in open score\/538 - D dorian.pdf\" target=\"_blank\">click here<\/a><\/td>\n<\/tr>\n<tr>\n<td width=\"75%\">Organ fugue in open score BWV 542 &#8211; G minor<\/td>\n<td style=\"padding-left: 10px;\"><a href=\"\/wp-content\/uploads\/JS Bach\/Organ fugues in open score\/542 - G minor.pdf\" target=\"_blank\">click here<\/a><\/td>\n<\/tr>\n<tr>\n<td width=\"75%\">Organ fugue in open score BWV 543 &#8211; A minor<\/td>\n<td style=\"padding-left: 10px;\"><a href=\"\/wp-content\/uploads\/JS Bach\/Organ fugues in open score\/543 - A minor.pdf\" target=\"_blank\">click here<\/a><\/td>\n<\/tr>\n<tr>\n<td width=\"75%\">Organ fugue in open score BWV 545 &#8211; C major<\/td>\n<td style=\"padding-left: 10px;\"><a href=\"\/wp-content\/uploads\/JS Bach\/Organ fugues in open score\/545 - C major.pdf\" target=\"_blank\">click here<\/a><\/td>\n<\/tr>\n<tr>\n<td width=\"75%\">Organ fugue in open score BWV 546 &#8211; C minor<\/td>\n<td style=\"padding-left: 10px;\"><a href=\"\/wp-content\/uploads\/JS Bach\/Organ fugues in open score\/546 - C minor.pdf\" target=\"_blank\">click here<\/a><\/td>\n<\/tr>\n<tr>\n<td width=\"75%\">Organ fugue in open score BWV 548 &#8211; E minor &#8220;Wedge\u201d<\/td>\n<td style=\"padding-left: 10px;\"><a href=\"\/wp-content\/uploads\/JS Bach\/Organ fugues in open score\/548 - E minor Wedge.pdf\" target=\"_blank\">click here<\/a><\/td>\n<\/tr>\n<tr>\n<td width=\"75%\">Organ fugue in open score BWV 552 &#8211; E-flat major \u201cSt. Anne&#8221;<\/td>\n<td style=\"padding-left: 10px;\"><a href=\"\/wp-content\/uploads\/JS Bach\/Organ fugues in open score\/552-St.Anne.pdf\" target=\"_blank\">click here<\/a><\/td>\n<\/tr>\n<tr>\n<td width=\"75%\">Organ fugue in open score BWV 578 &#8211; G minor \u201cLittle organ fugue<\/td>\n<td style=\"padding-left: 10px;\"><a href=\"\/wp-content\/uploads\/JS Bach\/Organ fugues in open score\/578 - G minor_Little.pdf\" target=\"_blank\">click here<\/a><\/td>\n<\/tr>\n<tr>\n<td width=\"75%\">Ritornelli<br \/>\nCDN <strong>$10.00<\/strong><\/td>\n<td style=\"padding-left: 10px;\"><a href=\"\/?page_id=290\" target=\"_top\">click here<\/a><\/td>\n<\/tr>\n<tr>\n<td width=\"75%\">Schemelli Liederbuch Songbook preface<\/td>\n<td style=\"padding-left: 10px;\"><a href=\"\/wp-content\/uploads\/JS Bach\/Schemelli Songbook\/Schemelli preface.pdf\" target=\"_blank\">click here<\/a><\/td>\n<\/tr>\n<tr>\n<td width=\"75%\">Schemelli Liederbuch Songbook<br \/>\nCDN <strong>$10.00<\/strong><\/td>\n<td style=\"padding-left: 10px;\"><a href=\"\/?page_id=290\" target=\"_top\">click here<\/a><\/td>\n<\/tr>\n<tr>\n<td width=\"75%\">WTC I fugues in open score. CDN <strong>$10.00<\/strong><\/td>\n<td style=\"padding-left: 10px;\"><a href=\"\/?page_id=290\" target=\"_top\">click here<\/a><\/td>\n<\/tr>\n<tr>\n<td width=\"75%\">WTC II fugues in open score. CDN <strong>$10.00<\/strong><\/td>\n<td style=\"padding-left: 10px;\"><a href=\"\/?page_id=290\" target=\"_top\">click here<\/a><\/td>\n<\/tr>\n<\/tbody>\n<\/table>\n","protected":false},"excerpt":{"rendered":"<p>Hats off to Elvis and all, but Bach really IS the king! In my opinion (never wrong yet) and that of lots of folks, past and present and future, JSB sits at the very top of the totem pole. Historical considerations aside, the real reason is that his music is, for many, far and away [&hellip;]<\/p>\n","protected":false},"author":1,"featured_media":0,"parent":0,"menu_order":8,"comment_status":"open","ping_status":"closed","template":"","meta":{"footnotes":""},"class_list":["post-36","page","type-page","status-publish","hentry"],"_links":{"self":[{"href":"https:\/\/www.artlevine.com\/index.php?rest_route=\/wp\/v2\/pages\/36","targetHints":{"allow":["GET"]}}],"collection":[{"href":"https:\/\/www.artlevine.com\/index.php?rest_route=\/wp\/v2\/pages"}],"about":[{"href":"https:\/\/www.artlevine.com\/index.php?rest_route=\/wp\/v2\/types\/page"}],"author":[{"embeddable":true,"href":"https:\/\/www.artlevine.com\/index.php?rest_route=\/wp\/v2\/users\/1"}],"replies":[{"embeddable":true,"href":"https:\/\/www.artlevine.com\/index.php?rest_route=%2Fwp%2Fv2%2Fcomments&post=36"}],"version-history":[{"count":24,"href":"https:\/\/www.artlevine.com\/index.php?rest_route=\/wp\/v2\/pages\/36\/revisions"}],"predecessor-version":[{"id":332,"href":"https:\/\/www.artlevine.com\/index.php?rest_route=\/wp\/v2\/pages\/36\/revisions\/332"}],"wp:attachment":[{"href":"https:\/\/www.artlevine.com\/index.php?rest_route=%2Fwp%2Fv2%2Fmedia&parent=36"}],"curies":[{"name":"wp","href":"https:\/\/api.w.org\/{rel}","templated":true}]}}