{"id":30,"date":"2015-02-04T01:31:19","date_gmt":"2015-02-04T01:31:19","guid":{"rendered":"http:\/\/www.artlevine.com\/?page_id=30"},"modified":"2025-03-28T20:06:05","modified_gmt":"2025-03-28T20:06:05","slug":"brazilian-music","status":"publish","type":"page","link":"https:\/\/www.artlevine.com\/?page_id=30","title":{"rendered":"Brazilian music with Ukulele Cheering Section"},"content":{"rendered":"<p>I was involved in the Brazilian music scene in Toronto for a number of years, mainly playing surdo in Alan Hetherington\u2019s <a href=\"http:\/\/www.sambatoronto.ca\" target=\"_blank\">Escola de Samba<\/a>. It was great fun, and loud, and I had a good time. Like most people in these parts though, my first exposure to this music was through bossa nova, which shares a lot of dna with its more extroverted parading cousin, but is quieter, often with great melodies and chords, and gorgeous lyrics.<\/p>\n<p>When I got my job as a prof, I dropped out of the Escola &#8211; no time, plus &#8211; even with earplugs &#8211; music by percussion battery (e.g. the Caribana parade) is not  eardrum-friendly, you could say.<\/p>\n<p>In the past while though, mainly inspired by my ukulele and the five-volume Bossa Nova Songbook edited by Almir Chediak (Lumiar Editora, S\u00e3o Paulo), I\u2019ve started making my way back into some of these great tunes. Maybe I should get back into the guitar?<\/p>\n<p><iframe loading=\"lazy\" width=\"640\" height=\"480\" src=\"https:\/\/www.youtube.com\/embed\/haAppvK_DlI?rel=0\" frameborder=\"0\" allowfullscreen><\/iframe><\/p>\n<p>The rhythmic quality of bossa nova and samba points back to what was said in the earlier section &#8220;Rhythm&#8221; re the difference between working in breadth, as in one line at a time &#8212; the usual focus for European-biased music students &#8212; and working in depth, as in singing and playing, which is what a lot of competent musicians in other parts of the world would take for granted. I don&#8217;t really teach Brazilian music, I just like it a lot, so the only thing I can offer here is a bunch of tunes that I\u2019ve edited for my own purposes with, in most cases, their melodies, chords, lyrics, plus &#8211; an added bonus! &#8211; ukulele voicings, and a <a href=\"\/wp-content\/uploads\/brazilian\/agogo patterns.pdf\" target=\"_blank\">3-page blurb<\/a>  which includes some neat agogo patterns. This whole thing is a work in progress, so I\u2019ll adding more tunes, fixing the ones that are there, etc. in the great course of time.<\/p>\n<table>\n<tr>\n<th colspan=\"2\">Downloads<\/th>\n<\/tr>\n<tr>\n<td width=\"75%\">25 Bell patterns agogo patterns<\/td>\n<td style=\"padding-left: 10px;\"><a href=\"\/wp-content\/uploads\/brazilian\/agogo patterns.pdf\" target=\"_blank\">click here<\/a><\/td>\n<\/tr>\n<tr>\n<td width=\"75%\">A felicidade. T. Jobim, V. de Moraes<\/td>\n<td style=\"padding-left: 10px;\"><a href=\"\/wp-content\/uploads\/brazilian\/A felicidade.pdf\" target=\"_blank\">click here<\/a><\/td>\n<\/tr>\n<tr>\n<td width=\"75%\">A morte de um deus de sal. R. Menescal \/ R. Boscoli<\/td>\n<td style=\"padding-left: 10px;\"><a href=\"\/wp-content\/uploads\/brazilian\/a morte de um deus de sal.pdf\" target=\"_blank\">click here<\/a><\/td>\n<\/tr>\n<tr>\n<td width=\"75%\">Aos p\u00e9s da cruz. Jos\u00e9 Gon\u00e7alves, Marino Pinto (1942)<\/td>\n<td style=\"padding-left: 10px;\"><a href=\"\/wp-content\/uploads\/brazilian\/Aos pe\u0301s da cruz.pdf\" target=\"_blank\">click here<\/a><\/td>\n<\/tr>\n<tr>\n<td width=\"75%\">A r\u00e3. Jo\u00e3o Donato, Caetano Veloso<\/td>\n<td style=\"padding-left: 10px;\"><a href=\"\/wp-content\/uploads\/brazilian\/A ra.pdf\" target=\"_blank\">click here<\/a><\/td>\n<\/tr>\n<tr>\n<td width=\"75%\">Bem bom. E. Gudim, A. Barnabe, C. Renno<\/td>\n<td style=\"padding-left: 10px;\"><a href=\"\/wp-content\/uploads\/brazilian\/Bem bom.pdf\" target=\"_blank\">click here<\/a><\/td>\n<\/tr>\n<tr>\n<td width=\"75%\">Chega de saudade. T. Jobim (1958)<\/td>\n<td style=\"padding-left: 10px;\"><a href=\"\/wp-content\/uploads\/brazilian\/Chega de saudade.pdf\" target=\"_blank\">click here<\/a><\/td>\n<\/tr>\n<tr>\n<td width=\"75%\">Chovendo na roseira. A.C. Jobim<\/td>\n<td style=\"padding-left: 10px;\"><a href=\"\/wp-content\/uploads\/brazilian\/Chovendo na roseira.pdf\" target=\"_blank\">click here<\/a><\/td>\n<\/tr>\n<tr>\n<td width=\"75%\">Chuvas de ver\u00e4o. Fernando Lobo (1948)<\/td>\n<td style=\"padding-left: 10px;\"><a href=\"\/wp-content\/uploads\/brazilian\/chuvas de verao.pdf\" target=\"_blank\">click here<\/a><\/td>\n<\/tr>\n<tr>\n<td width=\"75%\">Corcovado. A.C. Jobim<\/td>\n<td style=\"padding-left: 10px;\"><a href=\"\/wp-content\/uploads\/brazilian\/corcovado.pdf\" target=\"_blank\">click here<\/a><\/td>\n<\/tr>\n<tr>\n<td width=\"75%\">Desafinado. A.C. Jobim, N. Mendon\u00e7a<\/td>\n<td style=\"padding-left: 10px;\"><a href=\"\/wp-content\/uploads\/brazilian\/Desafinado.pdf\" target=\"_blank\">click here<\/a><\/td>\n<\/tr>\n<tr>\n<td width=\"75%\">Eu s\u00f3 quero um xod\u00f3. Dominguinhos, Anast\u00e1cia (1973)<\/td>\n<td style=\"padding-left: 10px;\"><a href=\"\/wp-content\/uploads\/brazilian\/Eu so quero um xodo.pdf\" target=\"_blank\">click here<\/a><\/td>\n<\/tr>\n<tr>\n<td width=\"75%\">Insensatez. A.C. Jobim<\/td>\n<td style=\"padding-left: 10px;\"><a href=\"\/wp-content\/uploads\/brazilian\/Insensatez.pdf\" target=\"_blank\">click here<\/a><\/td>\n<\/tr>\n<tr>\n<td width=\"75%\">Manh\u00e3 de carnaval. Luiz Bonf\u00e1, Ant\u00f4nio Maria<\/td>\n<td style=\"padding-left: 10px;\"><a href=\"\/wp-content\/uploads\/brazilian\/Manha de carnaval.pdf\" target=\"_blank\">click here<\/a><\/td>\n<\/tr>\n<tr>\n<td width=\"75%\">Minha saudade. Jo\u00e3o Donato, Jo\u00e3o Gilberto<\/td>\n<td style=\"padding-left: 10px;\"><a href=\"\/wp-content\/uploads\/brazilian\/Minha saudade.pdf\" target=\"_blank\">click here<\/a><\/td>\n<\/tr>\n<tr>\n<td width=\"75%\">Nada al\u00e9m (fox-can\u00e7\u00e4o). Cust\u00f3dio Mesquita e M\u00e1rio Lago (1938)<\/td>\n<td style=\"padding-left: 10px;\"><a href=\"\/wp-content\/uploads\/brazilian\/nada alem.pdf\" target=\"_blank\">click here<\/a><\/td>\n<\/tr>\n<tr>\n<td width=\"75%\">Para ver as meninas. Paulinho da Viola<\/td>\n<td style=\"padding-left: 10px;\"><a href=\"\/wp-content\/uploads\/brazilian\/Para ver as meninas.pdf\" target=\"_blank\">click here<\/a><\/td>\n<\/tr>\n<tr>\n<td width=\"75%\">Samba de uma nota s\u00f3. A.C. Jobim. N. Menon\u00e7a (1960)<\/td>\n<td style=\"padding-left: 10px;\"><a href=\"\/wp-content\/uploads\/brazilian\/Samba de uma nota so\" target=\"_blank\">click here<\/a><\/td>\n<\/tr>\n<tr>\n<td width=\"75%\">The Girl from Ipanema. A.C. Jobim, V. Maoraes<\/td>\n<td style=\"padding-left: 10px;\"><a href=\"\/wp-content\/uploads\/brazilian\/Garota - English.pdf\" target=\"_blank\">click here<\/a><\/td>\n<\/tr>\n<tr>\n<td width=\"75%\">Vo\u00e7e e eu. Carlos Lyra, V. de Moraes<\/td>\n<td style=\"padding-left: 10px;\"><a href=\"\/wp-content\/uploads\/brazilian\/voce e eu.pdf\" target=\"_blank\">click here<\/a><\/td>\n<\/tr>\n<\/table>\n","protected":false},"excerpt":{"rendered":"<p>I was involved in the Brazilian music scene in Toronto for a number of years, mainly playing surdo in Alan Hetherington\u2019s Escola de Samba. It was great fun, and loud, and I had a good time. Like most people in these parts though, my first exposure to this music was through bossa nova, which shares [&hellip;]<\/p>\n","protected":false},"author":1,"featured_media":0,"parent":0,"menu_order":6,"comment_status":"open","ping_status":"closed","template":"","meta":{"footnotes":""},"class_list":["post-30","page","type-page","status-publish","hentry"],"_links":{"self":[{"href":"https:\/\/www.artlevine.com\/index.php?rest_route=\/wp\/v2\/pages\/30","targetHints":{"allow":["GET"]}}],"collection":[{"href":"https:\/\/www.artlevine.com\/index.php?rest_route=\/wp\/v2\/pages"}],"about":[{"href":"https:\/\/www.artlevine.com\/index.php?rest_route=\/wp\/v2\/types\/page"}],"author":[{"embeddable":true,"href":"https:\/\/www.artlevine.com\/index.php?rest_route=\/wp\/v2\/users\/1"}],"replies":[{"embeddable":true,"href":"https:\/\/www.artlevine.com\/index.php?rest_route=%2Fwp%2Fv2%2Fcomments&post=30"}],"version-history":[{"count":19,"href":"https:\/\/www.artlevine.com\/index.php?rest_route=\/wp\/v2\/pages\/30\/revisions"}],"predecessor-version":[{"id":365,"href":"https:\/\/www.artlevine.com\/index.php?rest_route=\/wp\/v2\/pages\/30\/revisions\/365"}],"wp:attachment":[{"href":"https:\/\/www.artlevine.com\/index.php?rest_route=%2Fwp%2Fv2%2Fmedia&parent=30"}],"curies":[{"name":"wp","href":"https:\/\/api.w.org\/{rel}","templated":true}]}}